{"id":1141,"date":"2017-08-01T12:13:16","date_gmt":"2017-08-01T10:13:16","guid":{"rendered":"https:\/\/etm-marbella.com\/uber-uns\/"},"modified":"2023-10-11T13:25:35","modified_gmt":"2023-10-11T11:25:35","slug":"sobre-nosotros","status":"publish","type":"page","link":"https:\/\/etm-marbella.com\/es\/sobre-nosotros\/","title":{"rendered":"Sobre nosotros"},"content":{"rendered":"\t\t<div data-elementor-type=\"wp-post\" data-elementor-id=\"1141\" class=\"elementor elementor-1141 elementor-9\" data-elementor-post-type=\"page\">\n\t\t\t\t\t\t\t\t\t<section class=\"elementor-section elementor-top-section elementor-element elementor-element-roet4pi elementor-section-height-min-height elementor-section-boxed elementor-section-height-default elementor-section-items-middle\" data-id=\"roet4pi\" data-element_type=\"section\" data-settings=\"{&quot;background_background&quot;:&quot;classic&quot;}\">\n\t\t\t\t\t\t\t<div class=\"elementor-background-overlay\"><\/div>\n\t\t\t\t\t\t\t<div class=\"elementor-container elementor-column-gap-default\">\n\t\t\t\t\t<div class=\"elementor-column elementor-col-100 elementor-top-column elementor-element elementor-element-8hlneo4\" data-id=\"8hlneo4\" data-element_type=\"column\">\n\t\t\t<div class=\"elementor-widget-wrap elementor-element-populated\">\n\t\t\t\t\t\t\t\t<div class=\"elementor-element elementor-element-h6vz34q elementor-widget elementor-widget-heading\" data-id=\"h6vz34q\" data-element_type=\"widget\" data-widget_type=\"heading.default\">\n\t\t\t\t<div class=\"elementor-widget-container\">\n\t\t\t<h2 class=\"elementor-heading-title elementor-size-default\">Sobre nosotros<\/h2>\t\t<\/div>\n\t\t\t\t<\/div>\n\t\t\t\t\t<\/div>\n\t\t<\/div>\n\t\t\t\t\t\t\t<\/div>\n\t\t<\/section>\n\t\t\t\t<section class=\"elementor-section elementor-top-section elementor-element elementor-element-logsadt elementor-section-content-top elementor-section-boxed elementor-section-height-default elementor-section-height-default\" data-id=\"logsadt\" data-element_type=\"section\">\n\t\t\t\t\t\t<div class=\"elementor-container elementor-column-gap-wide\">\n\t\t\t\t\t<div class=\"elementor-column elementor-col-50 elementor-top-column elementor-element elementor-element-zjkjcrm\" data-id=\"zjkjcrm\" data-element_type=\"column\">\n\t\t\t<div class=\"elementor-widget-wrap elementor-element-populated\">\n\t\t\t\t\t\t\t\t<div class=\"elementor-element elementor-element-ccekksq elementor-widget elementor-widget-text-editor\" data-id=\"ccekksq\" data-element_type=\"widget\" data-widget_type=\"text-editor.default\">\n\t\t\t\t<div class=\"elementor-widget-container\">\n\t\t\t\t\t\t\t<p>La historia de nuestro despacho de abogados comenz\u00f3 a principios de 2001 con una sucursal en el centro de Marbella. Desde mediados de 2017 estamos a tu disposici\u00f3n en nuevas oficinas en el Centro Comercial Diana en la carretera costera A7 entre San Pedro de Alc\u00e1ntara y Estepona.<\/p><p>Le ofrecemos asesoramiento integral en alem\u00e1n sobre el derecho fiscal espa\u00f1ol. La atenci\u00f3n se centra en apoyar a los inversores comerciales y privados, especialmente de los pa\u00edses de habla alemana. En este contexto, hemos desarrollado un know-how especial en el asesoramiento de dise\u00f1o, teniendo en cuenta tambi\u00e9n la fiscalidad internacional en el pa\u00eds de origen del inversor.<\/p><p>Por supuesto, nuestros empleados multiling\u00fces y excelentemente formados tambi\u00e9n realizan las tareas \u00abtradicionales\u00bb del asesoramiento fiscal, como la contabilidad, la preparaci\u00f3n de balances y tambi\u00e9n estar\u00e1n encantados de ayudarle con otros asuntos oficiales o administrativos.<\/p>\t\t\t\t\t\t<\/div>\n\t\t\t\t<\/div>\n\t\t\t\t<div class=\"elementor-element elementor-element-5c3683e elementor-widget elementor-widget-heading\" data-id=\"5c3683e\" data-element_type=\"widget\" data-widget_type=\"heading.default\">\n\t\t\t\t<div class=\"elementor-widget-container\">\n\t\t\t<h3 class=\"elementor-heading-title elementor-size-default\">Todo de una sola fuente<\/h3>\t\t<\/div>\n\t\t\t\t<\/div>\n\t\t\t\t<div class=\"elementor-element elementor-element-ed21b0e elementor-icon-list--layout-traditional elementor-list-item-link-full_width elementor-widget elementor-widget-icon-list\" data-id=\"ed21b0e\" data-element_type=\"widget\" data-widget_type=\"icon-list.default\">\n\t\t\t\t<div class=\"elementor-widget-container\">\n\t\t\t\t\t<ul class=\"elementor-icon-list-items\">\n\t\t\t\t\t\t\t<li class=\"elementor-icon-list-item\">\n\t\t\t\t\t\t\t\t\t\t\t<span class=\"elementor-icon-list-icon\">\n\t\t\t\t\t\t\t<i aria-hidden=\"true\" class=\"fas fa-chevron-circle-right\"><\/i>\t\t\t\t\t\t<\/span>\n\t\t\t\t\t\t\t\t\t\t<span class=\"elementor-icon-list-text\">Apoyo fiscal para empresas y aut\u00f3nomos en alem\u00e1n.<\/span>\n\t\t\t\t\t\t\t\t\t<\/li>\n\t\t\t\t\t\t\t\t<li class=\"elementor-icon-list-item\">\n\t\t\t\t\t\t\t\t\t\t\t<span class=\"elementor-icon-list-icon\">\n\t\t\t\t\t\t\t<i aria-hidden=\"true\" class=\"fas fa-chevron-circle-right\"><\/i>\t\t\t\t\t\t<\/span>\n\t\t\t\t\t\t\t\t\t\t<span class=\"elementor-icon-list-text\">Contabilidad y reporting para filiales en Espa\u00f1a por contables de habla alemana.<\/span>\n\t\t\t\t\t\t\t\t\t<\/li>\n\t\t\t\t\t\t\t\t<li class=\"elementor-icon-list-item\">\n\t\t\t\t\t\t\t\t\t\t\t<span class=\"elementor-icon-list-icon\">\n\t\t\t\t\t\t\t<i aria-hidden=\"true\" class=\"fas fa-chevron-circle-right\"><\/i>\t\t\t\t\t\t<\/span>\n\t\t\t\t\t\t\t\t\t\t<span class=\"elementor-icon-list-text\">Asesoramiento en materia de Impuesto sobre la Renta, Impuesto sobre el Patrimonio, Impuesto de No Residentes e Impuesto sobre Sucesiones.<\/span>\n\t\t\t\t\t\t\t\t\t<\/li>\n\t\t\t\t\t\t\t\t<li class=\"elementor-icon-list-item\">\n\t\t\t\t\t\t\t\t\t\t\t<span class=\"elementor-icon-list-icon\">\n\t\t\t\t\t\t\t<i aria-hidden=\"true\" class=\"fas fa-chevron-circle-right\"><\/i>\t\t\t\t\t\t<\/span>\n\t\t\t\t\t\t\t\t\t\t<span class=\"elementor-icon-list-text\">Especial know-how en el \u00e1mbito de los convenios de doble imposici\u00f3n entre Espa\u00f1a y Alemania, Austria y Suiza.<\/span>\n\t\t\t\t\t\t\t\t\t<\/li>\n\t\t\t\t\t\t<\/ul>\n\t\t\t\t<\/div>\n\t\t\t\t<\/div>\n\t\t\t\t\t<\/div>\n\t\t<\/div>\n\t\t\t\t<div class=\"elementor-column elementor-col-50 elementor-top-column elementor-element elementor-element-abawkrz\" data-id=\"abawkrz\" data-element_type=\"column\">\n\t\t\t<div class=\"elementor-widget-wrap elementor-element-populated\">\n\t\t\t\t\t\t\t\t<div class=\"elementor-element elementor-element-ngskbgt elementor-widget elementor-widget-image\" data-id=\"ngskbgt\" data-element_type=\"widget\" data-widget_type=\"image.default\">\n\t\t\t\t<div class=\"elementor-widget-container\">\n\t\t\t\t\t\t\t\t\t\t\t\t\t\t\t<img decoding=\"async\" loading=\"lazy\" width=\"800\" height=\"524\" src=\"https:\/\/etm-marbella.com\/wp-content\/uploads\/2020\/06\/uber-uns.jpg\" class=\"attachment-large size-large wp-image-944\" alt=\"Steuerberatung in Marbella an der Costa del Sol\" srcset=\"https:\/\/etm-marbella.com\/wp-content\/uploads\/2020\/06\/uber-uns.jpg 800w, https:\/\/etm-marbella.com\/wp-content\/uploads\/2020\/06\/uber-uns-300x197.jpg 300w, https:\/\/etm-marbella.com\/wp-content\/uploads\/2020\/06\/uber-uns-768x503.jpg 768w\" sizes=\"(max-width: 800px) 100vw, 800px\" \/>\t\t\t\t\t\t\t\t\t\t\t\t\t\t\t<\/div>\n\t\t\t\t<\/div>\n\t\t\t\t<div class=\"elementor-element elementor-element-lziykja elementor-widget elementor-widget-spacer\" data-id=\"lziykja\" data-element_type=\"widget\" data-widget_type=\"spacer.default\">\n\t\t\t\t<div class=\"elementor-widget-container\">\n\t\t\t\t\t<div class=\"elementor-spacer\">\n\t\t\t<div class=\"elementor-spacer-inner\"><\/div>\n\t\t<\/div>\n\t\t\t\t<\/div>\n\t\t\t\t<\/div>\n\t\t\t\t\t<\/div>\n\t\t<\/div>\n\t\t\t\t\t\t\t<\/div>\n\t\t<\/section>\n\t\t\t\t\t\t\t<\/div>\n\t\t","protected":false},"excerpt":{"rendered":"<p>Sobre nosotros La historia de nuestro despacho de abogados comenz\u00f3 a principios de 2001 con una sucursal en el centro de Marbella. Desde mediados de 2017 estamos a tu disposici\u00f3n en nuevas oficinas en el Centro Comercial Diana en la carretera costera A7 entre San Pedro de Alc\u00e1ntara y Estepona. Le ofrecemos asesoramiento integral en &hellip;<\/p>\n<p class=\"read-more\"> <a class=\"\" href=\"https:\/\/etm-marbella.com\/es\/sobre-nosotros\/\"> <span class=\"screen-reader-text\">Sobre nosotros<\/span> Leer m\u00e1s \u00bb<\/a><\/p>\n","protected":false},"author":1,"featured_media":1119,"parent":0,"menu_order":0,"comment_status":"closed","ping_status":"closed","template":"","meta":{"site-sidebar-layout":"no-sidebar","site-content-layout":"page-builder","ast-site-content-layout":"","site-content-style":"default","site-sidebar-style":"default","ast-global-header-display":"","ast-banner-title-visibility":"","ast-main-header-display":"","ast-hfb-above-header-display":"","ast-hfb-below-header-display":"","ast-hfb-mobile-header-display":"","site-post-title":"disabled","ast-breadcrumbs-content":"","ast-featured-img":"disabled","footer-sml-layout":"","theme-transparent-header-meta":"default","adv-header-id-meta":"","stick-header-meta":"default","header-above-stick-meta":"","header-main-stick-meta":"","header-below-stick-meta":"","astra-migrate-meta-layouts":"","footnotes":""},"_links":{"self":[{"href":"https:\/\/etm-marbella.com\/es\/wp-json\/wp\/v2\/pages\/1141"}],"collection":[{"href":"https:\/\/etm-marbella.com\/es\/wp-json\/wp\/v2\/pages"}],"about":[{"href":"https:\/\/etm-marbella.com\/es\/wp-json\/wp\/v2\/types\/page"}],"author":[{"embeddable":true,"href":"https:\/\/etm-marbella.com\/es\/wp-json\/wp\/v2\/users\/1"}],"replies":[{"embeddable":true,"href":"https:\/\/etm-marbella.com\/es\/wp-json\/wp\/v2\/comments?post=1141"}],"version-history":[{"count":10,"href":"https:\/\/etm-marbella.com\/es\/wp-json\/wp\/v2\/pages\/1141\/revisions"}],"predecessor-version":[{"id":1334,"href":"https:\/\/etm-marbella.com\/es\/wp-json\/wp\/v2\/pages\/1141\/revisions\/1334"}],"wp:featuredmedia":[{"embeddable":true,"href":"https:\/\/etm-marbella.com\/es\/wp-json\/wp\/v2\/media\/1119"}],"wp:attachment":[{"href":"https:\/\/etm-marbella.com\/es\/wp-json\/wp\/v2\/media?parent=1141"}],"curies":[{"name":"wp","href":"https:\/\/api.w.org\/{rel}","templated":true}]}}