{"id":1212,"date":"2020-06-19T16:57:34","date_gmt":"2020-06-19T14:57:34","guid":{"rendered":"https:\/\/etm-marbella.com\/cookie-richtlinien\/"},"modified":"2020-07-08T13:41:16","modified_gmt":"2020-07-08T11:41:16","slug":"cookies-policy","status":"publish","type":"page","link":"https:\/\/etm-marbella.com\/en\/cookies-policy\/","title":{"rendered":"Cookies policy"},"content":{"rendered":"<p>Ein Cookie ist eine kleine Textdatei, die sich in Ihrem Browser speichert, sobald Sie eine Internetseite besuchen. Es sind Tools, die f\u00fcr die digitalen Dienstleistungen eine wichtige Rolle spielen. Unter anderem erlauben sie einer Internetseite die Abspeicherung und Wiederherstellung von Information \u00fcber die Navigationsgewohnheiten eines Benutzers oder seines Rechners. Abh\u00e4ngig von der erhaltenen Information k\u00f6nnen sie verwendet werden, um den Benutzer wieder zu erkennen und die angebotene Dienstleistung zu verbessern. Ohne Cookies w\u00fcrden viele Internetseiten nicht richtig funktionieren oder ihre angebotenen Dienstleistungen w\u00e4ren nur begrenzt sichtbar.<\/p>\n<h2>COOKIE-ARTEN<\/h2>\n<p>In dem folgenden Guide \u00fcber die Nutzung von Cookies der spanischen Agentur f\u00fcr Datenschutz werden die verschiedenen Cookie-Arten beleuchtet.\u00a0<a href=\"http:\/\/www.agpd.es\/portalwebAGPD\/canaldocumentacion\/publicaciones\/common\/Guias\/Guia_Cookies.pdf\" target=\"_blank\" rel=\"noopener noreferrer\">http:\/\/www.agpd.es\/portalwebAGPD\/canaldocumentacion\/publicaciones\/common\/Guias\/Guia_Cookies.pdf<\/a><br \/>\nJe nach Entit\u00e4t, von der aus die Domain geleitet wird und die erhaltenen Daten bearbeitet werden, k\u00f6nnen zwei Arten unterschieden werden: eigene Cookies und Cookies von Drittanbietern.<\/p>\n<ul>\n<li>Eigene Cookies: Sie werden von einem Rechner oder einer Domain aus an das Ger\u00e4t des Benutzers gesendet und vom Eigent\u00fcmer der Website und von demjenigen, der die vom Benutzer angefragte Dienstleistung zur Verf\u00fcgung stellt, verwaltet.<\/li>\n<li>Cookies von Drittanbietern: Sie werden von einem Rechner oder einer Domain aus, die nicht vom Eigent\u00fcmer der Website verwaltet wird, sondern von einer weiteren Entit\u00e4t, die durch die Cookies erhaltenen Daten bearbeitet, an das Ger\u00e4t des Benutzers gesendet.<\/li>\n<\/ul>\n<p>Weitere Cookies k\u00f6nnen sein:<\/p>\n<ul>\n<li>Nach der Zeit, die sie auf dem Rechner gespeichert bleiben: Sitzungs-Cookies oder dauerhafte Cookies.<\/li>\n<li>Nach Zweck: notwendige Cookies, Funktionscookies, Leistungscookies, Werbe-Cookies und verhaltensbedingte Targeting-Cookies.<\/li>\n<\/ul>\n<h2>VERWENDETE COOKIES<\/h2>\n<p>Den Richtlinien der spanischen Agentur f\u00fcr Datenschutz entsprechend erl\u00e4utern wir den Gebrauch der Cookies auf dieser Website mit dem Ziel, Sie m\u00f6glichst genau zu informieren.<\/p>\n<p>Diese Website verwendet folgende eigene Cookies:<\/p>\n<ul>\n<li>Sitzungs-Cookies, um die korrekte Funktionsweise der Seite zu gew\u00e4hrleisten.<\/li>\n<\/ul>\n<p>Diese Website verwendet folgende Cookies von Drittanbietern:<\/p>\n<ul>\n<li>Google Analytics, ein von Google bereitgestellter Webanalysedienst, der das Navigationsverhalten von Internetseiten aufnimmt und analysiert. In Ihrem Browser sind 4 Cookies dieses Dienstes vorhanden. Hierbei handelt es sich um die bereits erw\u00e4hnten Arten wie eigene Cookies, Sitzungs-Cookies und Analyse-Cookies. Weitere Informationen dazu und zur Deaktivierung dieser Cookies finden Sie unter\u00a0<a href=\"http:\/\/www.google.es\/intl\/es\/analytics\/privacyoverview.html\" target=\"_blank\" rel=\"noopener noreferrer\">www.google.es\/intl\/es\/analytics\/privacyoverview.html<\/a><\/li>\n<\/ul>\n<p>Informationen \u00fcber die pers\u00f6nlichen Daten des Benutzers werden nicht gespeichert, da die Privatsph\u00e4re der Personen, die unsere Website besuchen, gewahrt bleibt. Sonstige Informationen haben lediglich einen statistischen Zweck: Anzahl der Besucher, die zur Website gelangen, Anzahl der besuchten Seiten, H\u00e4ufigkeit und erneuter Aufruf der Seiten, Verbindungsdauer, der verwendete Browser, der Dienstleistungsbetreiber, die Sprache, welches Endger\u00e4t genutzt wird oder die Stadt der zugeteilten IP-Adresse. Informationen, die uns ein besseres und angemesseneres Angebot erm\u00f6glichen.<\/p>\n<h2>AKZEPTIEREN DER COOKIE-RICHTLINIEN<\/h2>\n<p>Mit dem Start jeder neuen Sitzung verweisen wir auf jeder Webseite auf unsere Informationen zu den Cookie-Richtlinien. Angesichts dieser Informationen werden m\u00f6glicherweise die folgenden Aktionen durchgef\u00fchrt:<\/p>\n<ul>\n<li>Cookies akzeptieren Sie, indem Sie Ihr Einverst\u00e4ndnis geben, sobald Sie die Website besuchen.<\/li>\n<li>\u00c4nderung Ihrer Konfiguration<\/li>\n<\/ul>\n<p>Sie k\u00f6nnen in Ihrem Browser die Cookies jeder Internetseite einschr\u00e4nken, blockieren oder l\u00f6schen. Da jeder Browser eine andere Konfiguration hat, kann Ihnen dabei dessen Hilfefunktion weiterhelfen. F\u00fcr mehr Informationen diesbez\u00fcglich klicken Sie auf die folgenden Direktlinks:<\/p>\n<ul>\n<li>Microsoft Internet Explorer:\u00a0<a href=\"http:\/\/windows.microsoft.com\/de-de\/internet-explorer\/delete-manage-cookies#ie=%E2%80%9Die-10\" target=\"_blank\" rel=\"noopener noreferrer\">windows.microsoft.com\/de-de\/internet-explorer\/delete-manage-cookies#ie=\u201die-10<\/a><\/li>\n<li>Mozilla FireFox:<a href=\"https:\/\/support.mozilla.org\/de\/kb\/cookies-loeschen-daten-von-websites-entfernen\" target=\"_blank\" rel=\"noopener noreferrer\">https:\/\/support.mozilla.org\/de\/kb\/cookies-loeschen-daten-von-websites-entfernen<\/a><\/li>\n<li>Google Chrome:\u00a0<a href=\"http:\/\/support.google.com\/chrome\/answer\/95647?hl=de\" target=\"_blank\" rel=\"noopener noreferrer\">http:\/\/support.google.com\/chrome\/answer\/95647?hl=de<\/a><\/li>\n<li>Apple Safari:\u00a0<a href=\"http:\/\/www.apple.com\/de\/privacy\/use-of-cookies\" target=\"_blank\" rel=\"noopener noreferrer\">www.apple.com\/de\/privacy\/use-of-cookies<\/a><\/li>\n<\/ul>\n<h2>WEITERE INFORMATIONEN<\/h2>\n<p>Weder diese Website, noch ihre gesetzlichen Vertreter sind verantwortlich f\u00fcr den Inhalt und die Richtigkeit der Datenschutzbestimmungen von Drittanbietern, die in diesen Cookie-Richtlinien erw\u00e4hnt wurden. Webbrowser sind Tools f\u00fcr die Abspeicherung von Cookies und an diesem Speicherort k\u00f6nnen Sie von Ihrem Recht zur L\u00f6schung oder Deaktivierung von Cookies Gebrauch machen. Weder diese Website, noch ihre gesetzlichen Vertreter k\u00f6nnen die korrekte oder inkorrekte Manipulation der Cookies von den erw\u00e4hnten Browsern gew\u00e4hrleisten. In manchen F\u00e4llen ist die Einrichtung der Cookies notwendig, damit der Browser Ihre Entscheidung beibeh\u00e4lt, die Cookies nicht zu akzeptieren. F\u00fcr R\u00fcckmeldungen oder Fragen bez\u00fcglich der Cookie-Richtlinien k\u00f6nnen Sie sich jederzeit an uns wenden.<\/p>\n","protected":false},"excerpt":{"rendered":"<p>Ein Cookie ist eine kleine Textdatei, die sich in Ihrem Browser speichert, sobald Sie eine Internetseite besuchen. Es sind Tools, die f\u00fcr die digitalen Dienstleistungen eine wichtige Rolle spielen. Unter anderem erlauben sie einer Internetseite die Abspeicherung und Wiederherstellung von Information \u00fcber die Navigationsgewohnheiten eines Benutzers oder seines Rechners. Abh\u00e4ngig von der erhaltenen Information k\u00f6nnen &hellip;<\/p>\n<p class=\"read-more\"> <a class=\"\" href=\"https:\/\/etm-marbella.com\/en\/cookies-policy\/\"> <span class=\"screen-reader-text\">Cookies policy<\/span> Read More \u00bb<\/a><\/p>\n","protected":false},"author":1,"featured_media":0,"parent":0,"menu_order":0,"comment_status":"closed","ping_status":"closed","template":"","meta":{"site-sidebar-layout":"default","site-content-layout":"default","ast-site-content-layout":"","site-content-style":"default","site-sidebar-style":"default","ast-global-header-display":"","ast-banner-title-visibility":"","ast-main-header-display":"","ast-hfb-above-header-display":"","ast-hfb-below-header-display":"","ast-hfb-mobile-header-display":"","site-post-title":"","ast-breadcrumbs-content":"","ast-featured-img":"","footer-sml-layout":"","theme-transparent-header-meta":"default","adv-header-id-meta":"","stick-header-meta":"default","header-above-stick-meta":"","header-main-stick-meta":"","header-below-stick-meta":"","astra-migrate-meta-layouts":"","footnotes":""},"_links":{"self":[{"href":"https:\/\/etm-marbella.com\/en\/wp-json\/wp\/v2\/pages\/1212"}],"collection":[{"href":"https:\/\/etm-marbella.com\/en\/wp-json\/wp\/v2\/pages"}],"about":[{"href":"https:\/\/etm-marbella.com\/en\/wp-json\/wp\/v2\/types\/page"}],"author":[{"embeddable":true,"href":"https:\/\/etm-marbella.com\/en\/wp-json\/wp\/v2\/users\/1"}],"replies":[{"embeddable":true,"href":"https:\/\/etm-marbella.com\/en\/wp-json\/wp\/v2\/comments?post=1212"}],"version-history":[{"count":1,"href":"https:\/\/etm-marbella.com\/en\/wp-json\/wp\/v2\/pages\/1212\/revisions"}],"predecessor-version":[{"id":1213,"href":"https:\/\/etm-marbella.com\/en\/wp-json\/wp\/v2\/pages\/1212\/revisions\/1213"}],"wp:attachment":[{"href":"https:\/\/etm-marbella.com\/en\/wp-json\/wp\/v2\/media?parent=1212"}],"curies":[{"name":"wp","href":"https:\/\/api.w.org\/{rel}","templated":true}]}}